{"id":1695,"date":"2020-04-30T19:14:44","date_gmt":"2020-04-30T17:14:44","guid":{"rendered":"https:\/\/www.magicpark.com\/?page_id=1695"},"modified":"2025-04-30T20:18:30","modified_gmt":"2025-04-30T18:18:30","slug":"joc-responsable","status":"publish","type":"page","link":"https:\/\/www.magicpark.com\/fr\/joc-responsable\/","title":{"rendered":"Jeu responsable"},"content":{"rendered":"<p style=\"text-align: justify;\" class=\"translation-block\">Depuis <strong>Magic Park Platja d\u2019Aro S.L.<\/strong>, nous recommandons le <strong>jeu responsable<\/strong> \u00e0 tous nos clients et au reste de la population.<\/p>\n<p style=\"text-align: justify;\">Le jeu pathologique peut se produire lorsque le jeu cesse d\u2019\u00eatre une diversion, devenant une n\u00e9cessit\u00e9. Le jeu pathologique consiste en un trouble dans lequel la personne est forc\u00e9e, par une urgence psychologiquement incontr\u00f4lable, de jouer, de fa\u00e7on persistante et progressive, affectant n\u00e9gativement sa vie personnelle, familiale et professionnelle.<\/p>\n<h3>Ce sont l\u00e0 quelques-uns des sympt\u00f4mes:<\/h3>\n<ul style=\"text-align: justify;\">\n<li>Perte de la notion de temps pendant le jeu.<\/li>\n<li>Augmenter la fr\u00e9quence de jeu et le montant mis\u00e9.<\/li>\n<li>Utiliser le jeu comme moyen de sortir des probl\u00e8mes.<\/li>\n<li>Cacher le jeu aux autres.<\/li>\n<\/ul>\n<p style=\"text-align: justify;\">Si vous commencez \u00e0 pr\u00e9senter des sympt\u00f4mes, n\u2019h\u00e9sitez pas \u00e0 vous mettre entre les mains d\u2019entit\u00e9s et d\u2019associations sp\u00e9cialis\u00e9es dans ce type de pathologies, elles vous apporteront la solution ad\u00e9quate \u00e0 votre probl\u00e8me.<\/p>\n<p><img decoding=\"async\" class=\"aligncenter wp-image-2779 size-medium\" src=\"https:\/\/www.magicpark.com\/wp-content\/uploads\/2020\/06\/Sportium-Jeu-responsable.jpg\" alt=\"Sportium - Jeu responsable\" width=\"300\" height=\"100\" srcset=\"https:\/\/www.magicpark.com\/wp-content\/uploads\/2020\/06\/Sportium-Jeu-responsable.jpg 420w, https:\/\/www.magicpark.com\/wp-content\/uploads\/2020\/06\/Sportium-Jeu-responsable-300x100.jpg 300w\" sizes=\"(max-width: 300px) 100vw, 300px\" \/><\/p>","protected":false},"excerpt":{"rendered":"<p>Des de Magic Park Platja d\u2019Aro S.L. recomanem el joc responsable entre tots els nostres clients i la resta de la poblaci\u00f3. El joc patol\u00f2gic pot produir-se quan el joc deixa de convertir-se en una diversi\u00f3, passant a ser una necessitat. El joc patol\u00f2gic o\u00a0ludopatia consisteix en un trastorn en el qual la persona es<br \/><a class=\"moretag\" href=\"https:\/\/www.magicpark.com\/fr\/joc-responsable\/\">+ Read More<\/a><\/p>","protected":false},"author":5,"featured_media":2063,"parent":0,"menu_order":0,"comment_status":"closed","ping_status":"closed","template":"","meta":{"footnotes":""},"class_list":["post-1695","page","type-page","status-publish","has-post-thumbnail","hentry"],"_links":{"self":[{"href":"https:\/\/www.magicpark.com\/fr\/wp-json\/wp\/v2\/pages\/1695","targetHints":{"allow":["GET"]}}],"collection":[{"href":"https:\/\/www.magicpark.com\/fr\/wp-json\/wp\/v2\/pages"}],"about":[{"href":"https:\/\/www.magicpark.com\/fr\/wp-json\/wp\/v2\/types\/page"}],"author":[{"embeddable":true,"href":"https:\/\/www.magicpark.com\/fr\/wp-json\/wp\/v2\/users\/5"}],"replies":[{"embeddable":true,"href":"https:\/\/www.magicpark.com\/fr\/wp-json\/wp\/v2\/comments?post=1695"}],"version-history":[{"count":0,"href":"https:\/\/www.magicpark.com\/fr\/wp-json\/wp\/v2\/pages\/1695\/revisions"}],"wp:featuredmedia":[{"embeddable":true,"href":"https:\/\/www.magicpark.com\/fr\/wp-json\/wp\/v2\/media\/2063"}],"wp:attachment":[{"href":"https:\/\/www.magicpark.com\/fr\/wp-json\/wp\/v2\/media?parent=1695"}],"curies":[{"name":"wp","href":"https:\/\/api.w.org\/{rel}","templated":true}]}}