{"id":1548,"date":"2020-04-25T15:27:58","date_gmt":"2020-04-25T13:27:58","guid":{"rendered":"https:\/\/www.magicpark.com\/?page_id=1548"},"modified":"2025-04-30T17:01:43","modified_gmt":"2025-04-30T15:01:43","slug":"ruleta","status":"publish","type":"page","link":"https:\/\/www.magicpark.com\/fr\/ruleta\/","title":{"rendered":"Roulette"},"content":{"rendered":"\t\t<div data-elementor-type=\"wp-page\" data-elementor-id=\"1548\" class=\"elementor elementor-1548\" data-elementor-post-type=\"page\">\n\t\t\t\t\t\t<section class=\"elementor-section elementor-top-section elementor-element elementor-element-3cd66ff elementor-section-full_width elementor-section-height-default elementor-section-height-default\" data-id=\"3cd66ff\" data-element_type=\"section\" data-e-type=\"section\" data-settings=\"{&quot;background_background&quot;:&quot;gradient&quot;}\">\n\t\t\t\t\t\t<div class=\"elementor-container elementor-column-gap-no\">\n\t\t\t\t\t<div class=\"elementor-column elementor-col-100 elementor-top-column elementor-element elementor-element-e26f4cb\" data-id=\"e26f4cb\" data-element_type=\"column\" data-e-type=\"column\" data-settings=\"{&quot;background_background&quot;:&quot;gradient&quot;}\">\n\t\t\t<div class=\"elementor-widget-wrap elementor-element-populated\">\n\t\t\t\t\t\t<div class=\"elementor-element elementor-element-a3cc1f8 elementor-widget elementor-widget-heading\" data-id=\"a3cc1f8\" data-element_type=\"widget\" data-e-type=\"widget\" data-widget_type=\"heading.default\">\n\t\t\t\t\t<h2 class=\"elementor-heading-title elementor-size-default\">Ruleta<\/h2>\t\t\t\t<\/div>\n\t\t\t\t<div class=\"elementor-element elementor-element-206be69 elementor-widget elementor-widget-heading\" data-id=\"206be69\" data-element_type=\"widget\" data-e-type=\"widget\" data-widget_type=\"heading.default\">\n\t\t\t\t\t<h3 class=\"elementor-heading-title elementor-size-default\">La Qualitat d\u2019un Casino portada al Sal\u00f3 de Joc<\/h3>\t\t\t\t<\/div>\n\t\t\t\t<div class=\"elementor-element elementor-element-31aed40 elementor-widget elementor-widget-image\" data-id=\"31aed40\" data-element_type=\"widget\" data-e-type=\"widget\" data-widget_type=\"image.default\">\n\t\t\t\t\t\t\t\t\t\t\t\t\t\t\t<img fetchpriority=\"high\" decoding=\"async\" width=\"900\" height=\"601\" src=\"https:\/\/www.magicpark.com\/wp-content\/uploads\/2020\/05\/Magic-Park-Sportium-Ruleta-01.jpg\" class=\"attachment-full size-full wp-image-2196\" alt=\"Magic Park - Sportium - Ruleta\" srcset=\"https:\/\/www.magicpark.com\/wp-content\/uploads\/2020\/05\/Magic-Park-Sportium-Ruleta-01.jpg 900w, https:\/\/www.magicpark.com\/wp-content\/uploads\/2020\/05\/Magic-Park-Sportium-Ruleta-01-300x200.jpg 300w, https:\/\/www.magicpark.com\/wp-content\/uploads\/2020\/05\/Magic-Park-Sportium-Ruleta-01-768x513.jpg 768w\" sizes=\"(max-width: 900px) 100vw, 900px\" \/>\t\t\t\t\t\t\t\t\t\t\t\t\t\t\t<\/div>\n\t\t\t\t\t<\/div>\n\t\t<\/div>\n\t\t\t\t\t<\/div>\n\t\t<\/section>\n\t\t\t\t<section class=\"elementor-section elementor-top-section elementor-element elementor-element-92a0cf8 elementor-section-full_width elementor-section-height-default elementor-section-height-default\" data-id=\"92a0cf8\" data-element_type=\"section\" data-e-type=\"section\">\n\t\t\t\t\t\t<div class=\"elementor-container elementor-column-gap-no\">\n\t\t\t\t\t<div class=\"elementor-column elementor-col-100 elementor-top-column elementor-element elementor-element-a8f7673\" data-id=\"a8f7673\" data-element_type=\"column\" data-e-type=\"column\">\n\t\t\t<div class=\"elementor-widget-wrap elementor-element-populated\">\n\t\t\t\t\t\t<div class=\"elementor-element elementor-element-19f31ac elementor-widget elementor-widget-heading\" data-id=\"19f31ac\" data-element_type=\"widget\" data-e-type=\"widget\" data-widget_type=\"heading.default\">\n\t\t\t\t\t<h3 class=\"elementor-heading-title elementor-size-default\">Ruleta electr\u00f2nica i t\u00e0ctil per a 10 jugadors<br \/> Joc en directe i 3 ruletes virtuals\n<\/h3>\t\t\t\t<\/div>\n\t\t\t\t\t<\/div>\n\t\t<\/div>\n\t\t\t\t\t<\/div>\n\t\t<\/section>\n\t\t\t\t<section class=\"elementor-section elementor-top-section elementor-element elementor-element-5539ae8 elementor-section-full_width elementor-section-height-default elementor-section-height-default\" data-id=\"5539ae8\" data-element_type=\"section\" data-e-type=\"section\">\n\t\t\t\t\t\t<div class=\"elementor-container elementor-column-gap-no\">\n\t\t\t\t\t<div class=\"elementor-column elementor-col-100 elementor-top-column elementor-element elementor-element-a87498f\" data-id=\"a87498f\" data-element_type=\"column\" data-e-type=\"column\">\n\t\t\t<div class=\"elementor-widget-wrap elementor-element-populated\">\n\t\t\t\t\t\t<div class=\"elementor-element elementor-element-c996074 elementor-widget elementor-widget-premium-img-gallery\" data-id=\"c996074\" data-element_type=\"widget\" data-e-type=\"widget\" data-settings=\"{&quot;premium_gallery_img_content&quot;:[{&quot;_id&quot;:&quot;702f13d&quot;,&quot;premium_gallery_img&quot;:{&quot;url&quot;:&quot;https:\\\/\\\/www.magicpark.com\\\/wp-content\\\/uploads\\\/2020\\\/05\\\/Magic-Park-Sportium-Ruleta-01.jpg&quot;,&quot;id&quot;:2196,&quot;size&quot;:&quot;&quot;},&quot;premium_gallery_video_self&quot;:null,&quot;premium_gallery_lightbox_whole&quot;:&quot;yes&quot;,&quot;premium_gallery_image_cell&quot;:{&quot;unit&quot;:&quot;px&quot;,&quot;size&quot;:4,&quot;sizes&quot;:[]},&quot;premium_gallery_image_cell_tablet&quot;:{&quot;unit&quot;:&quot;px&quot;,&quot;size&quot;:&quot;&quot;,&quot;sizes&quot;:[]},&quot;premium_gallery_image_cell_mobile&quot;:{&quot;unit&quot;:&quot;px&quot;,&quot;size&quot;:&quot;&quot;,&quot;sizes&quot;:[]},&quot;premium_gallery_image_vcell&quot;:{&quot;unit&quot;:&quot;px&quot;,&quot;size&quot;:4,&quot;sizes&quot;:[]},&quot;premium_gallery_image_vcell_tablet&quot;:{&quot;unit&quot;:&quot;px&quot;,&quot;size&quot;:&quot;&quot;,&quot;sizes&quot;:[]},&quot;premium_gallery_image_vcell_mobile&quot;:{&quot;unit&quot;:&quot;px&quot;,&quot;size&quot;:&quot;&quot;,&quot;sizes&quot;:[]},&quot;premium_gallery_video&quot;:&quot;&quot;,&quot;premium_gallery_video_type&quot;:null,&quot;premium_gallery_video_url&quot;:null,&quot;premium_gallery_video_self_url&quot;:null,&quot;premium_gallery_video_controls&quot;:null,&quot;premium_gallery_video_mute&quot;:null,&quot;premium_gallery_video_loop&quot;:null,&quot;download_button&quot;:null,&quot;privacy_mode&quot;:null,&quot;premmium_gallery_img_info&quot;:&quot;&quot;,&quot;premium_gallery_img_name&quot;:&quot;&quot;,&quot;premium_gallery_img_desc&quot;:&quot;&quot;,&quot;premium_gallery_img_category&quot;:&quot;&quot;,&quot;premium_gallery_img_link_type&quot;:&quot;url&quot;,&quot;premium_gallery_img_link&quot;:{&quot;url&quot;:&quot;&quot;,&quot;is_external&quot;:&quot;&quot;,&quot;nofollow&quot;:&quot;&quot;,&quot;custom_attributes&quot;:&quot;&quot;},&quot;premium_gallery_img_existing&quot;:null,&quot;premium_gallery_link_whole&quot;:&quot;&quot;},{&quot;premium_gallery_img&quot;:{&quot;url&quot;:&quot;https:\\\/\\\/www.magicpark.com\\\/wp-content\\\/uploads\\\/2020\\\/05\\\/Magic-Park-Sportium-Ruleta-02.jpg&quot;,&quot;id&quot;:2220,&quot;size&quot;:&quot;&quot;},&quot;premium_gallery_video_self&quot;:null,&quot;premium_gallery_lightbox_whole&quot;:&quot;yes&quot;,&quot;_id&quot;:&quot;b44ed65&quot;,&quot;premium_gallery_image_cell&quot;:{&quot;unit&quot;:&quot;px&quot;,&quot;size&quot;:4,&quot;sizes&quot;:[]},&quot;premium_gallery_image_cell_tablet&quot;:{&quot;unit&quot;:&quot;px&quot;,&quot;size&quot;:&quot;&quot;,&quot;sizes&quot;:[]},&quot;premium_gallery_image_cell_mobile&quot;:{&quot;unit&quot;:&quot;px&quot;,&quot;size&quot;:&quot;&quot;,&quot;sizes&quot;:[]},&quot;premium_gallery_image_vcell&quot;:{&quot;unit&quot;:&quot;px&quot;,&quot;size&quot;:4,&quot;sizes&quot;:[]},&quot;premium_gallery_image_vcell_tablet&quot;:{&quot;unit&quot;:&quot;px&quot;,&quot;size&quot;:&quot;&quot;,&quot;sizes&quot;:[]},&quot;premium_gallery_image_vcell_mobile&quot;:{&quot;unit&quot;:&quot;px&quot;,&quot;size&quot;:&quot;&quot;,&quot;sizes&quot;:[]},&quot;premium_gallery_video&quot;:&quot;&quot;,&quot;premium_gallery_video_type&quot;:null,&quot;premium_gallery_video_url&quot;:null,&quot;premium_gallery_video_self_url&quot;:null,&quot;premium_gallery_video_controls&quot;:null,&quot;premium_gallery_video_mute&quot;:null,&quot;premium_gallery_video_loop&quot;:null,&quot;download_button&quot;:null,&quot;privacy_mode&quot;:null,&quot;premmium_gallery_img_info&quot;:&quot;&quot;,&quot;premium_gallery_img_name&quot;:&quot;&quot;,&quot;premium_gallery_img_desc&quot;:&quot;&quot;,&quot;premium_gallery_img_category&quot;:&quot;&quot;,&quot;premium_gallery_img_link_type&quot;:&quot;url&quot;,&quot;premium_gallery_img_link&quot;:{&quot;url&quot;:&quot;&quot;,&quot;is_external&quot;:&quot;&quot;,&quot;nofollow&quot;:&quot;&quot;,&quot;custom_attributes&quot;:&quot;&quot;},&quot;premium_gallery_img_existing&quot;:null,&quot;premium_gallery_link_whole&quot;:&quot;&quot;},{&quot;premium_gallery_img&quot;:{&quot;url&quot;:&quot;https:\\\/\\\/www.magicpark.com\\\/wp-content\\\/uploads\\\/2020\\\/05\\\/Magic-Park-Sportium-Ruleta-03.jpg&quot;,&quot;id&quot;:2221,&quot;size&quot;:&quot;&quot;},&quot;premium_gallery_video_self&quot;:null,&quot;premium_gallery_lightbox_whole&quot;:&quot;yes&quot;,&quot;_id&quot;:&quot;33e27db&quot;,&quot;premium_gallery_image_cell&quot;:{&quot;unit&quot;:&quot;px&quot;,&quot;size&quot;:4,&quot;sizes&quot;:[]},&quot;premium_gallery_image_cell_tablet&quot;:{&quot;unit&quot;:&quot;px&quot;,&quot;size&quot;:&quot;&quot;,&quot;sizes&quot;:[]},&quot;premium_gallery_image_cell_mobile&quot;:{&quot;unit&quot;:&quot;px&quot;,&quot;size&quot;:&quot;&quot;,&quot;sizes&quot;:[]},&quot;premium_gallery_image_vcell&quot;:{&quot;unit&quot;:&quot;px&quot;,&quot;size&quot;:4,&quot;sizes&quot;:[]},&quot;premium_gallery_image_vcell_tablet&quot;:{&quot;unit&quot;:&quot;px&quot;,&quot;size&quot;:&quot;&quot;,&quot;sizes&quot;:[]},&quot;premium_gallery_image_vcell_mobile&quot;:{&quot;unit&quot;:&quot;px&quot;,&quot;size&quot;:&quot;&quot;,&quot;sizes&quot;:[]},&quot;premium_gallery_video&quot;:&quot;&quot;,&quot;premium_gallery_video_type&quot;:null,&quot;premium_gallery_video_url&quot;:null,&quot;premium_gallery_video_self_url&quot;:null,&quot;premium_gallery_video_controls&quot;:null,&quot;premium_gallery_video_mute&quot;:null,&quot;premium_gallery_video_loop&quot;:null,&quot;download_button&quot;:null,&quot;privacy_mode&quot;:null,&quot;premmium_gallery_img_info&quot;:&quot;&quot;,&quot;premium_gallery_img_name&quot;:&quot;&quot;,&quot;premium_gallery_img_desc&quot;:&quot;&quot;,&quot;premium_gallery_img_category&quot;:&quot;&quot;,&quot;premium_gallery_img_link_type&quot;:&quot;url&quot;,&quot;premium_gallery_img_link&quot;:{&quot;url&quot;:&quot;&quot;,&quot;is_external&quot;:&quot;&quot;,&quot;nofollow&quot;:&quot;&quot;,&quot;custom_attributes&quot;:&quot;&quot;},&quot;premium_gallery_img_existing&quot;:null,&quot;premium_gallery_link_whole&quot;:&quot;&quot;},{&quot;premium_gallery_img&quot;:{&quot;url&quot;:&quot;https:\\\/\\\/www.magicpark.com\\\/wp-content\\\/uploads\\\/2020\\\/05\\\/Magic-Park-Sportium-Ruleta-04.jpg&quot;,&quot;id&quot;:2222,&quot;size&quot;:&quot;&quot;},&quot;premium_gallery_video_self&quot;:null,&quot;premium_gallery_lightbox_whole&quot;:&quot;yes&quot;,&quot;_id&quot;:&quot;088263a&quot;,&quot;premium_gallery_image_cell&quot;:{&quot;unit&quot;:&quot;px&quot;,&quot;size&quot;:4,&quot;sizes&quot;:[]},&quot;premium_gallery_image_cell_tablet&quot;:{&quot;unit&quot;:&quot;px&quot;,&quot;size&quot;:&quot;&quot;,&quot;sizes&quot;:[]},&quot;premium_gallery_image_cell_mobile&quot;:{&quot;unit&quot;:&quot;px&quot;,&quot;size&quot;:&quot;&quot;,&quot;sizes&quot;:[]},&quot;premium_gallery_image_vcell&quot;:{&quot;unit&quot;:&quot;px&quot;,&quot;size&quot;:4,&quot;sizes&quot;:[]},&quot;premium_gallery_image_vcell_tablet&quot;:{&quot;unit&quot;:&quot;px&quot;,&quot;size&quot;:&quot;&quot;,&quot;sizes&quot;:[]},&quot;premium_gallery_image_vcell_mobile&quot;:{&quot;unit&quot;:&quot;px&quot;,&quot;size&quot;:&quot;&quot;,&quot;sizes&quot;:[]},&quot;premium_gallery_video&quot;:&quot;&quot;,&quot;premium_gallery_video_type&quot;:null,&quot;premium_gallery_video_url&quot;:null,&quot;premium_gallery_video_self_url&quot;:null,&quot;premium_gallery_video_controls&quot;:null,&quot;premium_gallery_video_mute&quot;:null,&quot;premium_gallery_video_loop&quot;:null,&quot;download_button&quot;:null,&quot;privacy_mode&quot;:null,&quot;premmium_gallery_img_info&quot;:&quot;&quot;,&quot;premium_gallery_img_name&quot;:&quot;&quot;,&quot;premium_gallery_img_desc&quot;:&quot;&quot;,&quot;premium_gallery_img_category&quot;:&quot;&quot;,&quot;premium_gallery_img_link_type&quot;:&quot;url&quot;,&quot;premium_gallery_img_link&quot;:{&quot;url&quot;:&quot;&quot;,&quot;is_external&quot;:&quot;&quot;,&quot;nofollow&quot;:&quot;&quot;,&quot;custom_attributes&quot;:&quot;&quot;},&quot;premium_gallery_img_existing&quot;:null,&quot;premium_gallery_link_whole&quot;:&quot;&quot;},{&quot;premium_gallery_img&quot;:{&quot;url&quot;:&quot;https:\\\/\\\/www.magicpark.com\\\/wp-content\\\/uploads\\\/2020\\\/05\\\/Magic-Park-Sportium-Ruleta-05.jpg&quot;,&quot;id&quot;:2223,&quot;size&quot;:&quot;&quot;},&quot;premium_gallery_video_self&quot;:null,&quot;premium_gallery_lightbox_whole&quot;:&quot;yes&quot;,&quot;_id&quot;:&quot;b1edc9c&quot;,&quot;premium_gallery_image_cell&quot;:{&quot;unit&quot;:&quot;px&quot;,&quot;size&quot;:4,&quot;sizes&quot;:[]},&quot;premium_gallery_image_cell_tablet&quot;:{&quot;unit&quot;:&quot;px&quot;,&quot;size&quot;:&quot;&quot;,&quot;sizes&quot;:[]},&quot;premium_gallery_image_cell_mobile&quot;:{&quot;unit&quot;:&quot;px&quot;,&quot;size&quot;:&quot;&quot;,&quot;sizes&quot;:[]},&quot;premium_gallery_image_vcell&quot;:{&quot;unit&quot;:&quot;px&quot;,&quot;size&quot;:4,&quot;sizes&quot;:[]},&quot;premium_gallery_image_vcell_tablet&quot;:{&quot;unit&quot;:&quot;px&quot;,&quot;size&quot;:&quot;&quot;,&quot;sizes&quot;:[]},&quot;premium_gallery_image_vcell_mobile&quot;:{&quot;unit&quot;:&quot;px&quot;,&quot;size&quot;:&quot;&quot;,&quot;sizes&quot;:[]},&quot;premium_gallery_video&quot;:&quot;&quot;,&quot;premium_gallery_video_type&quot;:null,&quot;premium_gallery_video_url&quot;:null,&quot;premium_gallery_video_self_url&quot;:null,&quot;premium_gallery_video_controls&quot;:null,&quot;premium_gallery_video_mute&quot;:null,&quot;premium_gallery_video_loop&quot;:null,&quot;download_button&quot;:null,&quot;privacy_mode&quot;:null,&quot;premmium_gallery_img_info&quot;:&quot;&quot;,&quot;premium_gallery_img_name&quot;:&quot;&quot;,&quot;premium_gallery_img_desc&quot;:&quot;&quot;,&quot;premium_gallery_img_category&quot;:&quot;&quot;,&quot;premium_gallery_img_link_type&quot;:&quot;url&quot;,&quot;premium_gallery_img_link&quot;:{&quot;url&quot;:&quot;&quot;,&quot;is_external&quot;:&quot;&quot;,&quot;nofollow&quot;:&quot;&quot;,&quot;custom_attributes&quot;:&quot;&quot;},&quot;premium_gallery_img_existing&quot;:null,&quot;premium_gallery_link_whole&quot;:&quot;&quot;},{&quot;premium_gallery_img&quot;:{&quot;url&quot;:&quot;https:\\\/\\\/www.magicpark.com\\\/wp-content\\\/uploads\\\/2020\\\/05\\\/Magic-Park-Sportium-Ruleta-06.jpg&quot;,&quot;id&quot;:2224,&quot;size&quot;:&quot;&quot;},&quot;premium_gallery_video_self&quot;:null,&quot;premium_gallery_lightbox_whole&quot;:&quot;yes&quot;,&quot;_id&quot;:&quot;394cf0c&quot;,&quot;premium_gallery_image_cell&quot;:{&quot;unit&quot;:&quot;px&quot;,&quot;size&quot;:4,&quot;sizes&quot;:[]},&quot;premium_gallery_image_cell_tablet&quot;:{&quot;unit&quot;:&quot;px&quot;,&quot;size&quot;:&quot;&quot;,&quot;sizes&quot;:[]},&quot;premium_gallery_image_cell_mobile&quot;:{&quot;unit&quot;:&quot;px&quot;,&quot;size&quot;:&quot;&quot;,&quot;sizes&quot;:[]},&quot;premium_gallery_image_vcell&quot;:{&quot;unit&quot;:&quot;px&quot;,&quot;size&quot;:4,&quot;sizes&quot;:[]},&quot;premium_gallery_image_vcell_tablet&quot;:{&quot;unit&quot;:&quot;px&quot;,&quot;size&quot;:&quot;&quot;,&quot;sizes&quot;:[]},&quot;premium_gallery_image_vcell_mobile&quot;:{&quot;unit&quot;:&quot;px&quot;,&quot;size&quot;:&quot;&quot;,&quot;sizes&quot;:[]},&quot;premium_gallery_video&quot;:&quot;&quot;,&quot;premium_gallery_video_type&quot;:null,&quot;premium_gallery_video_url&quot;:null,&quot;premium_gallery_video_self_url&quot;:null,&quot;premium_gallery_video_controls&quot;:null,&quot;premium_gallery_video_mute&quot;:null,&quot;premium_gallery_video_loop&quot;:null,&quot;download_button&quot;:null,&quot;privacy_mode&quot;:null,&quot;premmium_gallery_img_info&quot;:&quot;&quot;,&quot;premium_gallery_img_name&quot;:&quot;&quot;,&quot;premium_gallery_img_desc&quot;:&quot;&quot;,&quot;premium_gallery_img_category&quot;:&quot;&quot;,&quot;premium_gallery_img_link_type&quot;:&quot;url&quot;,&quot;premium_gallery_img_link&quot;:{&quot;url&quot;:&quot;&quot;,&quot;is_external&quot;:&quot;&quot;,&quot;nofollow&quot;:&quot;&quot;,&quot;custom_attributes&quot;:&quot;&quot;},&quot;premium_gallery_img_existing&quot;:null,&quot;premium_gallery_link_whole&quot;:&quot;&quot;}]}\" data-widget_type=\"premium-img-gallery.default\">\n\t\t\t\t\t\n\t<div id=\"premium-img-gallery-c996074\" class=\"elementor-invisible premium-img-gallery premium-img-gallery-masonry zoomin premium-gallery-icon-show\">\n\t\t\n\t\t<div class=\"premium-gallery-container\" data-settings=\"{&quot;img_size&quot;:&quot;masonry&quot;,&quot;filter&quot;:&quot;&quot;,&quot;theme&quot;:null,&quot;active_cat&quot;:&quot;*&quot;,&quot;ltr_mode&quot;:true,&quot;shuffle&quot;:false,&quot;sort_by&quot;:&quot;random&quot;,&quot;skin&quot;:&quot;style1&quot;,&quot;light_box&quot;:&quot;yes&quot;,&quot;lightbox_type&quot;:&quot;yes&quot;,&quot;overlay&quot;:false}\">\n\n\t\t\t\t\t\t\t<div class=\"premium-gallery-item elementor-repeater-item-702f13d \">\n\t\t\t\t<div class=\"pa-gallery-img style1\" onclick=\"\">\n\t\t\t\t\t<div class=\"pa-gallery-img-container\">\n\t\t\t\t\t\t\t\t<img fetchpriority=\"high\" decoding=\"async\" width=\"900\" height=\"601\" src=\"https:\/\/www.magicpark.com\/wp-content\/uploads\/2020\/05\/Magic-Park-Sportium-Ruleta-01.jpg\" class=\"attachment-full size-full wp-image-2196\" alt=\"Magic Park - Sportium - Ruleta\" srcset=\"https:\/\/www.magicpark.com\/wp-content\/uploads\/2020\/05\/Magic-Park-Sportium-Ruleta-01.jpg 900w, https:\/\/www.magicpark.com\/wp-content\/uploads\/2020\/05\/Magic-Park-Sportium-Ruleta-01-300x200.jpg 300w, https:\/\/www.magicpark.com\/wp-content\/uploads\/2020\/05\/Magic-Park-Sportium-Ruleta-01-768x513.jpg 768w\" sizes=\"(max-width: 900px) 100vw, 900px\" \/>\t\t\t\t\t\t\t<\/div>\n\t\t\t\t\t\t\t\t\t\t\t\t<div class=\"pa-gallery-icons-wrapper\">\n\t\t\t\t\t\t\t\t<div class=\"pa-gallery-icons-inner-container\">\n\t\t\t\t\t\t\t\t\t\t\t\t\t\t\t\t\t<\/div>\n\t\t\t\t\t\t\t<\/div>\n\t\t\t\t\t\t\t\n\t\t\t\t\t\t\t\t<a class=\"pa-gallery-whole-link\" href=\"https:\/\/www.magicpark.com\/wp-content\/uploads\/2020\/05\/Magic-Park-Sportium-Ruleta-01.jpg\" data-elementor-open-lightbox=\"yes\" data-elementor-lightbox-slideshow=\"c996074\" data-elementor-lightbox-title=\"Magic Park - Sportium - Ruleta\"><\/a>\n\n\t\t\t\t\t\t\t\t\t\t\t<\/div>\n\t\t\t<\/div>\n\t\t\t\t\t\t\t<div class=\"premium-gallery-item elementor-repeater-item-b44ed65 \">\n\t\t\t\t<div class=\"pa-gallery-img style1\" onclick=\"\">\n\t\t\t\t\t<div class=\"pa-gallery-img-container\">\n\t\t\t\t\t\t\t\t<img decoding=\"async\" width=\"900\" height=\"601\" src=\"https:\/\/www.magicpark.com\/wp-content\/uploads\/2020\/05\/Magic-Park-Sportium-Ruleta-02.jpg\" class=\"attachment-full size-full wp-image-2220\" alt=\"Magic Park - Sportium - Ruleta\" srcset=\"https:\/\/www.magicpark.com\/wp-content\/uploads\/2020\/05\/Magic-Park-Sportium-Ruleta-02.jpg 900w, https:\/\/www.magicpark.com\/wp-content\/uploads\/2020\/05\/Magic-Park-Sportium-Ruleta-02-300x200.jpg 300w, https:\/\/www.magicpark.com\/wp-content\/uploads\/2020\/05\/Magic-Park-Sportium-Ruleta-02-768x513.jpg 768w\" sizes=\"(max-width: 900px) 100vw, 900px\" \/>\t\t\t\t\t\t\t<\/div>\n\t\t\t\t\t\t\t\t\t\t\t\t<div class=\"pa-gallery-icons-wrapper\">\n\t\t\t\t\t\t\t\t<div class=\"pa-gallery-icons-inner-container\">\n\t\t\t\t\t\t\t\t\t\t\t\t\t\t\t\t\t<\/div>\n\t\t\t\t\t\t\t<\/div>\n\t\t\t\t\t\t\t\n\t\t\t\t\t\t\t\t<a class=\"pa-gallery-whole-link\" href=\"https:\/\/www.magicpark.com\/wp-content\/uploads\/2020\/05\/Magic-Park-Sportium-Ruleta-02.jpg\" data-elementor-open-lightbox=\"yes\" data-elementor-lightbox-slideshow=\"c996074\" data-elementor-lightbox-title=\"Magic Park - Sportium - Ruleta\"><\/a>\n\n\t\t\t\t\t\t\t\t\t\t\t<\/div>\n\t\t\t<\/div>\n\t\t\t\t\t\t\t<div class=\"premium-gallery-item elementor-repeater-item-33e27db \">\n\t\t\t\t<div class=\"pa-gallery-img style1\" onclick=\"\">\n\t\t\t\t\t<div class=\"pa-gallery-img-container\">\n\t\t\t\t\t\t\t\t<img decoding=\"async\" width=\"900\" height=\"601\" src=\"https:\/\/www.magicpark.com\/wp-content\/uploads\/2020\/05\/Magic-Park-Sportium-Ruleta-03.jpg\" class=\"attachment-full size-full wp-image-2221\" alt=\"Magic Park - Sportium - Ruleta\" srcset=\"https:\/\/www.magicpark.com\/wp-content\/uploads\/2020\/05\/Magic-Park-Sportium-Ruleta-03.jpg 900w, https:\/\/www.magicpark.com\/wp-content\/uploads\/2020\/05\/Magic-Park-Sportium-Ruleta-03-300x200.jpg 300w, https:\/\/www.magicpark.com\/wp-content\/uploads\/2020\/05\/Magic-Park-Sportium-Ruleta-03-768x513.jpg 768w\" sizes=\"(max-width: 900px) 100vw, 900px\" \/>\t\t\t\t\t\t\t<\/div>\n\t\t\t\t\t\t\t\t\t\t\t\t<div class=\"pa-gallery-icons-wrapper\">\n\t\t\t\t\t\t\t\t<div class=\"pa-gallery-icons-inner-container\">\n\t\t\t\t\t\t\t\t\t\t\t\t\t\t\t\t\t<\/div>\n\t\t\t\t\t\t\t<\/div>\n\t\t\t\t\t\t\t\n\t\t\t\t\t\t\t\t<a class=\"pa-gallery-whole-link\" href=\"https:\/\/www.magicpark.com\/wp-content\/uploads\/2020\/05\/Magic-Park-Sportium-Ruleta-03.jpg\" data-elementor-open-lightbox=\"yes\" data-elementor-lightbox-slideshow=\"c996074\" data-elementor-lightbox-title=\"Magic Park - Sportium - Ruleta\"><\/a>\n\n\t\t\t\t\t\t\t\t\t\t\t<\/div>\n\t\t\t<\/div>\n\t\t\t\t\t\t\t<div class=\"premium-gallery-item elementor-repeater-item-088263a \">\n\t\t\t\t<div class=\"pa-gallery-img style1\" onclick=\"\">\n\t\t\t\t\t<div class=\"pa-gallery-img-container\">\n\t\t\t\t\t\t\t\t<img loading=\"lazy\" decoding=\"async\" width=\"900\" height=\"601\" src=\"https:\/\/www.magicpark.com\/wp-content\/uploads\/2020\/05\/Magic-Park-Sportium-Ruleta-04.jpg\" class=\"attachment-full size-full wp-image-2222\" alt=\"Magic Park - Sportium - Ruleta\" srcset=\"https:\/\/www.magicpark.com\/wp-content\/uploads\/2020\/05\/Magic-Park-Sportium-Ruleta-04.jpg 900w, https:\/\/www.magicpark.com\/wp-content\/uploads\/2020\/05\/Magic-Park-Sportium-Ruleta-04-300x200.jpg 300w, https:\/\/www.magicpark.com\/wp-content\/uploads\/2020\/05\/Magic-Park-Sportium-Ruleta-04-768x513.jpg 768w\" sizes=\"(max-width: 900px) 100vw, 900px\" \/>\t\t\t\t\t\t\t<\/div>\n\t\t\t\t\t\t\t\t\t\t\t\t<div class=\"pa-gallery-icons-wrapper\">\n\t\t\t\t\t\t\t\t<div class=\"pa-gallery-icons-inner-container\">\n\t\t\t\t\t\t\t\t\t\t\t\t\t\t\t\t\t<\/div>\n\t\t\t\t\t\t\t<\/div>\n\t\t\t\t\t\t\t\n\t\t\t\t\t\t\t\t<a class=\"pa-gallery-whole-link\" href=\"https:\/\/www.magicpark.com\/wp-content\/uploads\/2020\/05\/Magic-Park-Sportium-Ruleta-04.jpg\" data-elementor-open-lightbox=\"yes\" data-elementor-lightbox-slideshow=\"c996074\" data-elementor-lightbox-title=\"Magic Park - Sportium - Ruleta\"><\/a>\n\n\t\t\t\t\t\t\t\t\t\t\t<\/div>\n\t\t\t<\/div>\n\t\t\t\t\t\t\t<div class=\"premium-gallery-item elementor-repeater-item-b1edc9c \">\n\t\t\t\t<div class=\"pa-gallery-img style1\" onclick=\"\">\n\t\t\t\t\t<div class=\"pa-gallery-img-container\">\n\t\t\t\t\t\t\t\t<img loading=\"lazy\" decoding=\"async\" width=\"900\" height=\"601\" src=\"https:\/\/www.magicpark.com\/wp-content\/uploads\/2020\/05\/Magic-Park-Sportium-Ruleta-05.jpg\" class=\"attachment-full size-full wp-image-2223\" alt=\"Magic Park - Sportium - Ruleta\" srcset=\"https:\/\/www.magicpark.com\/wp-content\/uploads\/2020\/05\/Magic-Park-Sportium-Ruleta-05.jpg 900w, https:\/\/www.magicpark.com\/wp-content\/uploads\/2020\/05\/Magic-Park-Sportium-Ruleta-05-300x200.jpg 300w, https:\/\/www.magicpark.com\/wp-content\/uploads\/2020\/05\/Magic-Park-Sportium-Ruleta-05-768x513.jpg 768w\" sizes=\"(max-width: 900px) 100vw, 900px\" \/>\t\t\t\t\t\t\t<\/div>\n\t\t\t\t\t\t\t\t\t\t\t\t<div class=\"pa-gallery-icons-wrapper\">\n\t\t\t\t\t\t\t\t<div class=\"pa-gallery-icons-inner-container\">\n\t\t\t\t\t\t\t\t\t\t\t\t\t\t\t\t\t<\/div>\n\t\t\t\t\t\t\t<\/div>\n\t\t\t\t\t\t\t\n\t\t\t\t\t\t\t\t<a class=\"pa-gallery-whole-link\" href=\"https:\/\/www.magicpark.com\/wp-content\/uploads\/2020\/05\/Magic-Park-Sportium-Ruleta-05.jpg\" data-elementor-open-lightbox=\"yes\" data-elementor-lightbox-slideshow=\"c996074\" data-elementor-lightbox-title=\"Magic Park - Sportium - Ruleta\"><\/a>\n\n\t\t\t\t\t\t\t\t\t\t\t<\/div>\n\t\t\t<\/div>\n\t\t\t\t\t\t\t<div class=\"premium-gallery-item elementor-repeater-item-394cf0c \">\n\t\t\t\t<div class=\"pa-gallery-img style1\" onclick=\"\">\n\t\t\t\t\t<div class=\"pa-gallery-img-container\">\n\t\t\t\t\t\t\t\t<img loading=\"lazy\" decoding=\"async\" width=\"900\" height=\"601\" src=\"https:\/\/www.magicpark.com\/wp-content\/uploads\/2020\/05\/Magic-Park-Sportium-Ruleta-06.jpg\" class=\"attachment-full size-full wp-image-2224\" alt=\"Magic Park - Sportium - Ruleta\" srcset=\"https:\/\/www.magicpark.com\/wp-content\/uploads\/2020\/05\/Magic-Park-Sportium-Ruleta-06.jpg 900w, https:\/\/www.magicpark.com\/wp-content\/uploads\/2020\/05\/Magic-Park-Sportium-Ruleta-06-300x200.jpg 300w, https:\/\/www.magicpark.com\/wp-content\/uploads\/2020\/05\/Magic-Park-Sportium-Ruleta-06-768x513.jpg 768w\" sizes=\"(max-width: 900px) 100vw, 900px\" \/>\t\t\t\t\t\t\t<\/div>\n\t\t\t\t\t\t\t\t\t\t\t\t<div class=\"pa-gallery-icons-wrapper\">\n\t\t\t\t\t\t\t\t<div class=\"pa-gallery-icons-inner-container\">\n\t\t\t\t\t\t\t\t\t\t\t\t\t\t\t\t\t<\/div>\n\t\t\t\t\t\t\t<\/div>\n\t\t\t\t\t\t\t\n\t\t\t\t\t\t\t\t<a class=\"pa-gallery-whole-link\" href=\"https:\/\/www.magicpark.com\/wp-content\/uploads\/2020\/05\/Magic-Park-Sportium-Ruleta-06.jpg\" data-elementor-open-lightbox=\"yes\" data-elementor-lightbox-slideshow=\"c996074\" data-elementor-lightbox-title=\"Magic Park - Sportium - Ruleta\"><\/a>\n\n\t\t\t\t\t\t\t\t\t\t\t<\/div>\n\t\t\t<\/div>\n\t\t\t\n\t\t\t\t\t<\/div>\n\n\t\t\n\t<\/div>\n\n\t\t\n\t\t\n\t\t\t\t\t\t<\/div>\n\t\t\t\t\t<\/div>\n\t\t<\/div>\n\t\t\t\t\t<\/div>\n\t\t<\/section>\n\t\t\t\t<\/div>\n\t\t","protected":false},"excerpt":{"rendered":"<p>Ruleta La Qualitat d\u2019un Casino portada al Sal\u00f3 de Joc Ruleta electr\u00f2nica i t\u00e0ctil per a 10 jugadors Joc en directe i 3 ruletes virtuals<\/p>","protected":false},"author":5,"featured_media":1824,"parent":0,"menu_order":0,"comment_status":"closed","ping_status":"closed","template":"","meta":{"footnotes":""},"class_list":["post-1548","page","type-page","status-publish","has-post-thumbnail","hentry"],"_links":{"self":[{"href":"https:\/\/www.magicpark.com\/fr\/wp-json\/wp\/v2\/pages\/1548","targetHints":{"allow":["GET"]}}],"collection":[{"href":"https:\/\/www.magicpark.com\/fr\/wp-json\/wp\/v2\/pages"}],"about":[{"href":"https:\/\/www.magicpark.com\/fr\/wp-json\/wp\/v2\/types\/page"}],"author":[{"embeddable":true,"href":"https:\/\/www.magicpark.com\/fr\/wp-json\/wp\/v2\/users\/5"}],"replies":[{"embeddable":true,"href":"https:\/\/www.magicpark.com\/fr\/wp-json\/wp\/v2\/comments?post=1548"}],"version-history":[{"count":0,"href":"https:\/\/www.magicpark.com\/fr\/wp-json\/wp\/v2\/pages\/1548\/revisions"}],"wp:featuredmedia":[{"embeddable":true,"href":"https:\/\/www.magicpark.com\/fr\/wp-json\/wp\/v2\/media\/1824"}],"wp:attachment":[{"href":"https:\/\/www.magicpark.com\/fr\/wp-json\/wp\/v2\/media?parent=1548"}],"curies":[{"name":"wp","href":"https:\/\/api.w.org\/{rel}","templated":true}]}}