{"id":1598,"date":"2020-04-28T13:33:57","date_gmt":"2020-04-28T11:33:57","guid":{"rendered":"https:\/\/www.magicpark.com\/?page_id=1598"},"modified":"2025-04-16T18:49:37","modified_gmt":"2025-04-16T16:49:37","slug":"avis-legal","status":"publish","type":"page","link":"https:\/\/www.magicpark.com\/es\/avis-legal\/","title":{"rendered":"Aviso legal"},"content":{"rendered":"<h4>Informaci\u00f3n de Conformidad con el art\u00edculo 10 de la LSSI<\/h4>\n<h3>El titular de esta web es:<\/h3>\n<p>Identidad: <strong>Magic Park Platja d\u2019Aro S.L.<br \/>\n<\/strong>CIF: <strong>B17326380<\/strong><br \/>\nDirecci\u00f3n: <strong>Avenida S\u2019Agar\u00f3, 90 locales 6-7-8. 17250 Platja d\u2019Aro | Girona.<br \/>\n<\/strong>Tel\u00e9fono: <strong>972 81 78 64<br \/>\n<\/strong>Correo electr\u00f3nico<strong>: <a href=\"mailto:info@magicpark.com\">info@magicpark.com<\/a><\/strong><\/p>\n<h3>Condiciones de uso<\/h3>\n<p style=\"text-align: justify;\">El uso de esta web implica la aceptaci\u00f3n plena de los t\u00e9rminos y condiciones del presente aviso legal. Los posibles conflictos relativos a esta web se regir\u00e1n exclusivamente por el derecho del Estado espa\u00f1ol. Toda persona usuaria de la web, independientemente de la jurisdicci\u00f3n territorial desde la que se produzca su acceso, acepta el cumplimiento y respeto de estas cl\u00e1usulas con renuncia expresa a cualquier otro fuero que pudiera corresponderle.<\/p>\n<h3>Propiedad intelectual e industrial<\/h3>\n<p style=\"text-align: justify;\">La totalidad del contenido de este sitio web, ya sean textos, im\u00e1genes, sonidos, marcas, logotipos u otros elementos, as\u00ed como subestructura, dise\u00f1o, combinaciones de colores o forma de presentaci\u00f3n de los materiales, est\u00e1n protegidos por derechos de propiedad industrial e intelectual que el usuario de este sitio web debe respetar. No es l\u00edcita su transformaci\u00f3n o alteraci\u00f3n, comunicaci\u00f3n p\u00fablica o cualquier otra forma de explotaci\u00f3n por cualquier procedimiento sin la autorizaci\u00f3n expresa de\u00a0<strong>Magic Park Platja d\u2019Aro S.L.<\/strong><\/p>\n<h3>Responsabilidad sobre los contenidos<\/h3>\n<p style=\"text-align: justify;\">Aunque\u00a0<strong>Magic Park Platja d\u2019Aro S.L.<\/strong> act\u00faa con la m\u00e1xima diligencia posible, puede darse el caso de que alg\u00fan dato o informaci\u00f3n no est\u00e9 del todo actualizada en el momento que el usuario del sitio web lo consulte. Por ello, las informaciones que se presentan en esta web tienen una funci\u00f3n orientativa y no obligan a\u00a0<strong>Magic Park Platja d\u2019Aro S.L.<\/strong><\/p>\n<p style=\"text-align: justify;\"><strong>Magic Park Platja d\u2019Aro S.L.<\/strong>\u00a0no ser\u00e1 responsable de la informaci\u00f3n que se pueda obtener a trav\u00e9s de enlaces incluidos en su web.<\/p>\n<p style=\"text-align: justify;\"><strong>Magic Park Platja d\u2019Aro S.L.<\/strong>\u00a0se reserva la facultad de realizar, en cualquier momento y sin necesidad de preaviso, modificaciones o actualizaciones de la informaci\u00f3n y de cualquiera de los elementos que integren el dise\u00f1o y configuraci\u00f3n de la p\u00e1gina web.<\/p>\n<h3>Ley aplicable y jurisdicci\u00f3n<\/h3>\n<p style=\"text-align: justify;\">El uso de esta web implica la aceptaci\u00f3n plena de los t\u00e9rminos y condiciones del presente aviso legal. Los posibles conflictos relativos a esta web se regir\u00e1n exclusivamente por el derecho del Estado espa\u00f1ol. Toda persona usuaria de la web, independientemente de la jurisdicci\u00f3n territorial desde la que se produzca su acceso, acepta el cumplimiento y respeto de estas cl\u00e1usulas con renuncia expresa a cualquier otro fuero que pudiera corresponderle.<\/p>","protected":false},"excerpt":{"rendered":"<p>Informaci\u00f3 de Conformitat amb l&#8217;article 10 de la LSSI El titular d&#8217;aquesta web \u00e9s: Identitat: Magic Park Platja d&#8217;Aro S.L. CIF: B17326380 Adre\u00e7a: Avinguda S&#8217;Agar\u00f3, 90 locals 6-7-8. 17250 Platja d&#8217;Aro | Girona. Tel\u00e8fon: 972 81 78 64 Correu electr\u00f2nic: info@magicpark.com Condicions d&#8217;\u00fas L&#8217;\u00fas d&#8217;aquest web implica l&#8217;acceptaci\u00f3 plena dels termes i condicions del present<br \/><a class=\"moretag\" href=\"https:\/\/www.magicpark.com\/es\/avis-legal\/\">+ Read More<\/a><\/p>","protected":false},"author":5,"featured_media":1834,"parent":0,"menu_order":0,"comment_status":"closed","ping_status":"closed","template":"","meta":{"footnotes":""},"class_list":["post-1598","page","type-page","status-publish","has-post-thumbnail","hentry"],"_links":{"self":[{"href":"https:\/\/www.magicpark.com\/es\/wp-json\/wp\/v2\/pages\/1598","targetHints":{"allow":["GET"]}}],"collection":[{"href":"https:\/\/www.magicpark.com\/es\/wp-json\/wp\/v2\/pages"}],"about":[{"href":"https:\/\/www.magicpark.com\/es\/wp-json\/wp\/v2\/types\/page"}],"author":[{"embeddable":true,"href":"https:\/\/www.magicpark.com\/es\/wp-json\/wp\/v2\/users\/5"}],"replies":[{"embeddable":true,"href":"https:\/\/www.magicpark.com\/es\/wp-json\/wp\/v2\/comments?post=1598"}],"version-history":[{"count":0,"href":"https:\/\/www.magicpark.com\/es\/wp-json\/wp\/v2\/pages\/1598\/revisions"}],"wp:featuredmedia":[{"embeddable":true,"href":"https:\/\/www.magicpark.com\/es\/wp-json\/wp\/v2\/media\/1834"}],"wp:attachment":[{"href":"https:\/\/www.magicpark.com\/es\/wp-json\/wp\/v2\/media?parent=1598"}],"curies":[{"name":"wp","href":"https:\/\/api.w.org\/{rel}","templated":true}]}}