{"id":1695,"date":"2020-04-30T19:14:44","date_gmt":"2020-04-30T17:14:44","guid":{"rendered":"https:\/\/www.magicpark.com\/?page_id=1695"},"modified":"2025-04-30T20:18:30","modified_gmt":"2025-04-30T18:18:30","slug":"joc-responsable","status":"publish","type":"page","link":"https:\/\/www.magicpark.com\/en\/joc-responsable\/","title":{"rendered":"Responsible gaming"},"content":{"rendered":"<p style=\"text-align: justify;\" class=\"translation-block\">From <strong>Magic Park Platja d\u2019Aro S.L.<\/strong> we recommend <strong>responsible gambling<\/strong> among all our clients and the rest of the population.<\/p>\n<p style=\"text-align: justify;\">The pathological game can occur when the game stops becoming a fun, becoming a necessity. The pathological game or ludopathy consists of a disorder in which the person is forced, by a psychologically uncontrollable urgency, to play, in a persistent and progressive way, negatively affecting personal, family and vocational life.<\/p>\n<h3>These are some of the symptoms:<\/h3>\n<ul style=\"text-align: justify;\">\n<li>Loss of the notion of time during the game.<\/li>\n<li>Increase of the game frequency and the amount that is bet.<\/li>\n<li>Use gambling as an exit to the problems.<\/li>\n<li>Hide the game to others.<\/li>\n<\/ul>\n<p style=\"text-align: justify;\">If you start to experience symptoms, do not hesitate to get into the hands of entities and associations specialized in this type of pathology, there they will provide you with the right solution to your problem.<\/p>\n<p><img decoding=\"async\" class=\"aligncenter wp-image-2779 size-medium\" src=\"https:\/\/www.magicpark.com\/wp-content\/uploads\/2020\/06\/Sportium-Responsible-gaming.jpg\" alt=\"Sportium - Responsible gaming\" width=\"300\" height=\"100\" srcset=\"https:\/\/www.magicpark.com\/wp-content\/uploads\/2020\/06\/Sportium-Responsible-gaming.jpg 420w, https:\/\/www.magicpark.com\/wp-content\/uploads\/2020\/06\/Sportium-Responsible-gaming-300x100.jpg 300w\" sizes=\"(max-width: 300px) 100vw, 300px\" \/><\/p>","protected":false},"excerpt":{"rendered":"<p>Des de Magic Park Platja d\u2019Aro S.L. recomanem el joc responsable entre tots els nostres clients i la resta de la poblaci\u00f3. El joc patol\u00f2gic pot produir-se quan el joc deixa de convertir-se en una diversi\u00f3, passant a ser una necessitat. El joc patol\u00f2gic o\u00a0ludopatia consisteix en un trastorn en el qual la persona es<br \/><a class=\"moretag\" href=\"https:\/\/www.magicpark.com\/en\/joc-responsable\/\">+ Read More<\/a><\/p>","protected":false},"author":5,"featured_media":2063,"parent":0,"menu_order":0,"comment_status":"closed","ping_status":"closed","template":"","meta":{"footnotes":""},"class_list":["post-1695","page","type-page","status-publish","has-post-thumbnail","hentry"],"_links":{"self":[{"href":"https:\/\/www.magicpark.com\/en\/wp-json\/wp\/v2\/pages\/1695","targetHints":{"allow":["GET"]}}],"collection":[{"href":"https:\/\/www.magicpark.com\/en\/wp-json\/wp\/v2\/pages"}],"about":[{"href":"https:\/\/www.magicpark.com\/en\/wp-json\/wp\/v2\/types\/page"}],"author":[{"embeddable":true,"href":"https:\/\/www.magicpark.com\/en\/wp-json\/wp\/v2\/users\/5"}],"replies":[{"embeddable":true,"href":"https:\/\/www.magicpark.com\/en\/wp-json\/wp\/v2\/comments?post=1695"}],"version-history":[{"count":0,"href":"https:\/\/www.magicpark.com\/en\/wp-json\/wp\/v2\/pages\/1695\/revisions"}],"wp:featuredmedia":[{"embeddable":true,"href":"https:\/\/www.magicpark.com\/en\/wp-json\/wp\/v2\/media\/2063"}],"wp:attachment":[{"href":"https:\/\/www.magicpark.com\/en\/wp-json\/wp\/v2\/media?parent=1695"}],"curies":[{"name":"wp","href":"https:\/\/api.w.org\/{rel}","templated":true}]}}