{"id":1551,"date":"2020-04-25T15:30:32","date_gmt":"2020-04-25T13:30:32","guid":{"rendered":"https:\/\/www.magicpark.com\/?page_id=1551"},"modified":"2025-04-29T11:13:58","modified_gmt":"2025-04-29T09:13:58","slug":"apostes-esportives","status":"publish","type":"page","link":"https:\/\/www.magicpark.com\/en\/apostes-esportives\/","title":{"rendered":"Sports bets"},"content":{"rendered":"<div data-elementor-type=\"wp-page\" data-elementor-id=\"1551\" class=\"elementor elementor-1551\" data-elementor-post-type=\"page\">\n\t\t\t\t\t\t<section class=\"elementor-section elementor-top-section elementor-element elementor-element-69cfb89 elementor-section-full_width elementor-section-height-default elementor-section-height-default\" data-id=\"69cfb89\" data-element_type=\"section\" data-e-type=\"section\" data-settings=\"{&quot;background_background&quot;:&quot;gradient&quot;}\">\n\t\t\t\t\t\t<div class=\"elementor-container elementor-column-gap-no\">\n\t\t\t\t\t<div class=\"elementor-column elementor-col-100 elementor-top-column elementor-element elementor-element-0cd9cbd\" data-id=\"0cd9cbd\" data-element_type=\"column\" data-e-type=\"column\" data-settings=\"{&quot;background_background&quot;:&quot;gradient&quot;}\">\n\t\t\t<div class=\"elementor-widget-wrap elementor-element-populated\">\n\t\t\t\t\t\t<div class=\"elementor-element elementor-element-50ed32e elementor-widget elementor-widget-heading\" data-id=\"50ed32e\" data-element_type=\"widget\" data-e-type=\"widget\" data-widget_type=\"heading.default\">\n\t\t\t\t\t<h2 class=\"elementor-heading-title elementor-size-default\">Sports bets<\/h2>\t\t\t\t<\/div>\n\t\t\t\t<div class=\"elementor-element elementor-element-e50c272 elementor-widget elementor-widget-heading\" data-id=\"e50c272\" data-element_type=\"widget\" data-e-type=\"widget\" data-widget_type=\"heading.default\">\n\t\t\t\t\t<h3 class=\"elementor-heading-title elementor-size-default\">Your house of bets in Platja d'Aro<\/h3>\t\t\t\t<\/div>\n\t\t\t\t<div class=\"elementor-element elementor-element-638344a elementor-widget elementor-widget-text-editor\" data-id=\"638344a\" data-element_type=\"widget\" data-e-type=\"widget\" data-widget_type=\"text-editor.default\">\n\t\t\t\t\t\t\t\t\t<p>Sportium is the number 1 betting house in Spain. It offers the best and greatest offer in sports: soccer, basketball, tennis, motor, etc. including horse racing and greyhounds every 5 minutes.<\/p><p>Likewise, it is possible to bet on the best leagues in the world, more than 60 thousand markets a week and in more than 100 types of bets per match.<\/p><p>Tactile terminals, self-service to make bets quickly and intuitively, large screens to follow live the main competitions, and informative screens with the quotas and the best statistical information, that facilitates to the customer the decision making for its bet. In addition, we have the help of trained staff to assist and advise all users.<\/p>\t\t\t\t\t\t\t\t<\/div>\n\t\t\t\t<div class=\"elementor-element elementor-element-4da5b80 elementor-widget elementor-widget-image\" data-id=\"4da5b80\" data-element_type=\"widget\" data-e-type=\"widget\" data-widget_type=\"image.default\">\n\t\t\t\t\t\t\t\t\t\t\t\t\t\t\t<img fetchpriority=\"high\" decoding=\"async\" width=\"900\" height=\"796\" src=\"https:\/\/www.magicpark.com\/wp-content\/uploads\/2020\/06\/Magic-Park-Sportium-Apostes-esportives.jpg\" class=\"attachment-full size-full wp-image-2472\" alt=\"Magic Park - Sportium - Sports bets\" srcset=\"https:\/\/www.magicpark.com\/wp-content\/uploads\/2020\/06\/Magic-Park-Sportium-Apostes-esportives.jpg.webp 900w, https:\/\/www.magicpark.com\/wp-content\/uploads\/2020\/06\/Magic-Park-Sportium-Apostes-esportives-300x265.jpg.webp 300w, https:\/\/www.magicpark.com\/wp-content\/uploads\/2020\/06\/Magic-Park-Sportium-Apostes-esportives-768x679.jpg.webp 768w\" sizes=\"(max-width: 900px) 100vw, 900px\" \/>\t\t\t\t\t\t\t\t\t\t\t\t\t\t\t<\/div>\n\t\t\t\t\t<\/div>\n\t\t<\/div>\n\t\t\t\t\t<\/div>\n\t\t<\/section>\n\t\t\t\t<section class=\"elementor-section elementor-top-section elementor-element elementor-element-7bc815b elementor-section-full_width elementor-section-height-default elementor-section-height-default\" data-id=\"7bc815b\" data-element_type=\"section\" data-e-type=\"section\">\n\t\t\t\t\t\t<div class=\"elementor-container elementor-column-gap-no\">\n\t\t\t\t\t<div class=\"elementor-column elementor-col-100 elementor-top-column elementor-element elementor-element-6f1dd6e\" data-id=\"6f1dd6e\" data-element_type=\"column\" data-e-type=\"column\">\n\t\t\t<div class=\"elementor-widget-wrap elementor-element-populated\">\n\t\t\t\t\t\t<section class=\"elementor-section elementor-inner-section elementor-element elementor-element-d333c78 elementor-section-full_width elementor-section-height-default elementor-section-height-default\" data-id=\"d333c78\" data-element_type=\"section\" data-e-type=\"section\">\n\t\t\t\t\t\t<div class=\"elementor-container elementor-column-gap-no\">\n\t\t\t\t\t<div class=\"elementor-column elementor-col-50 elementor-inner-column elementor-element elementor-element-4163527\" data-id=\"4163527\" data-element_type=\"column\" data-e-type=\"column\">\n\t\t\t<div class=\"elementor-widget-wrap elementor-element-populated\">\n\t\t\t\t\t\t<div class=\"elementor-element elementor-element-6902c70 elementor-widget elementor-widget-image\" data-id=\"6902c70\" data-element_type=\"widget\" data-e-type=\"widget\" data-widget_type=\"image.default\">\n\t\t\t\t\t\t\t\t\t\t\t\t\t\t\t<img decoding=\"async\" src=\"https:\/\/www.magicpark.com\/wp-content\/uploads\/elementor\/thumbs\/Magic-Park-Sportium-Apostes-esportives-Terminal-vertical-r5dn40ljas7dgyz43sa37j857aimngvoqf4b5kyzr0.png\" title=\"Magic Park &#8211; Sportium &#8211; Apostes esportives &#8211; Terminal-vertical\" alt=\"Magic Park - Sportium - Apostes esportives - Terminal-vertical\" loading=\"lazy\" \/>\t\t\t\t\t\t\t\t\t\t\t\t\t\t\t<\/div>\n\t\t\t\t\t<\/div>\n\t\t<\/div>\n\t\t\t\t<div class=\"elementor-column elementor-col-50 elementor-inner-column elementor-element elementor-element-f26a454\" data-id=\"f26a454\" data-element_type=\"column\" data-e-type=\"column\">\n\t\t\t<div class=\"elementor-widget-wrap elementor-element-populated\">\n\t\t\t\t\t\t<div class=\"elementor-element elementor-element-bf469fa elementor-widget elementor-widget-heading\" data-id=\"bf469fa\" data-element_type=\"widget\" data-e-type=\"widget\" data-widget_type=\"heading.default\">\n\t\t\t\t\t<h2 class=\"elementor-heading-title elementor-size-default\">9 betting terminals<\/h2>\t\t\t\t<\/div>\n\t\t\t\t<div class=\"elementor-element elementor-element-137f233 elementor-widget elementor-widget-text-editor\" data-id=\"137f233\" data-element_type=\"widget\" data-e-type=\"widget\" data-widget_type=\"text-editor.default\">\n\t\t\t\t\t\t\t\t\t<p>The Gambling Terminals are an easy access system to all the information of Sportium, which allows you to make your bets personally. Following the indications that are scrolling on the screen, you can make all the bets that you want without errors.<\/p>\t\t\t\t\t\t\t\t<\/div>\n\t\t\t\t\t<\/div>\n\t\t<\/div>\n\t\t\t\t\t<\/div>\n\t\t<\/section>\n\t\t\t\t<section class=\"elementor-section elementor-inner-section elementor-element elementor-element-817e7d5 elementor-section-full_width elementor-reverse-mobile elementor-section-height-default elementor-section-height-default\" data-id=\"817e7d5\" data-element_type=\"section\" data-e-type=\"section\">\n\t\t\t\t\t\t<div class=\"elementor-container elementor-column-gap-no\">\n\t\t\t\t\t<div class=\"elementor-column elementor-col-50 elementor-inner-column elementor-element elementor-element-27e831b\" data-id=\"27e831b\" data-element_type=\"column\" data-e-type=\"column\">\n\t\t\t<div class=\"elementor-widget-wrap elementor-element-populated\">\n\t\t\t\t\t\t<div class=\"elementor-element elementor-element-949389b elementor-widget elementor-widget-heading\" data-id=\"949389b\" data-element_type=\"widget\" data-e-type=\"widget\" data-widget_type=\"heading.default\">\n\t\t\t\t\t<h2 class=\"elementor-heading-title elementor-size-default\">2 Sport box<\/h2>\t\t\t\t<\/div>\n\t\t\t\t<div class=\"elementor-element elementor-element-46c4c5d elementor-widget elementor-widget-text-editor\" data-id=\"46c4c5d\" data-element_type=\"widget\" data-e-type=\"widget\" data-widget_type=\"text-editor.default\">\n\t\t\t\t\t\t\t\t\t<p>A new concept of a betting terminal that unites versatility with a compact and modern design. This new format allows customers to play comfortably seated while enjoying a live event from a large touch screen. The latest in technology at your service.<\/p>\t\t\t\t\t\t\t\t<\/div>\n\t\t\t\t\t<\/div>\n\t\t<\/div>\n\t\t\t\t<div class=\"elementor-column elementor-col-50 elementor-inner-column elementor-element elementor-element-0080632\" data-id=\"0080632\" data-element_type=\"column\" data-e-type=\"column\">\n\t\t\t<div class=\"elementor-widget-wrap elementor-element-populated\">\n\t\t\t\t\t\t<div class=\"elementor-element elementor-element-d2bd467 elementor-widget elementor-widget-image\" data-id=\"d2bd467\" data-element_type=\"widget\" data-e-type=\"widget\" data-widget_type=\"image.default\">\n\t\t\t\t\t\t\t\t\t\t\t\t\t\t\t<img decoding=\"async\" width=\"230\" height=\"210\" src=\"https:\/\/www.magicpark.com\/wp-content\/uploads\/2020\/06\/Magic-Park-Sportium-Apostes-esportives-Terminal-horitzontal.png\" class=\"attachment-full size-full wp-image-2487\" alt=\"Magic Park - Sportium - Apostes esportives - Terminal horitzontal\" \/>\t\t\t\t\t\t\t\t\t\t\t\t\t\t\t<\/div>\n\t\t\t\t\t<\/div>\n\t\t<\/div>\n\t\t\t\t\t<\/div>\n\t\t<\/section>\n\t\t\t\t\t<\/div>\n\t\t<\/div>\n\t\t\t\t\t<\/div>\n\t\t<\/section>\n\t\t\t\t<\/div>","protected":false},"excerpt":{"rendered":"<p>Apostes esportives La teva casa d\u2019apostes a Platja d\u2019Aro Sportium \u00e9s la casa d\u2019apostes n\u00famero 1 a Espanya. Ofereix la millor i m\u00e9s \u00e0mplia oferta en esports: futbol, b\u00e0squet, tennis, motor, etc. incloent carreres de cavalls i llebrers cada 5 minuts. Aix\u00ed mateix, \u00e9s possible apostar a les millors lligues del m\u00f3n, a m\u00e9s de<br \/><a class=\"moretag\" href=\"https:\/\/www.magicpark.com\/en\/apostes-esportives\/\">+ Read More<\/a><\/p>","protected":false},"author":5,"featured_media":1828,"parent":0,"menu_order":0,"comment_status":"closed","ping_status":"closed","template":"","meta":{"footnotes":""},"class_list":["post-1551","page","type-page","status-publish","has-post-thumbnail","hentry"],"_links":{"self":[{"href":"https:\/\/www.magicpark.com\/en\/wp-json\/wp\/v2\/pages\/1551","targetHints":{"allow":["GET"]}}],"collection":[{"href":"https:\/\/www.magicpark.com\/en\/wp-json\/wp\/v2\/pages"}],"about":[{"href":"https:\/\/www.magicpark.com\/en\/wp-json\/wp\/v2\/types\/page"}],"author":[{"embeddable":true,"href":"https:\/\/www.magicpark.com\/en\/wp-json\/wp\/v2\/users\/5"}],"replies":[{"embeddable":true,"href":"https:\/\/www.magicpark.com\/en\/wp-json\/wp\/v2\/comments?post=1551"}],"version-history":[{"count":0,"href":"https:\/\/www.magicpark.com\/en\/wp-json\/wp\/v2\/pages\/1551\/revisions"}],"wp:featuredmedia":[{"embeddable":true,"href":"https:\/\/www.magicpark.com\/en\/wp-json\/wp\/v2\/media\/1828"}],"wp:attachment":[{"href":"https:\/\/www.magicpark.com\/en\/wp-json\/wp\/v2\/media?parent=1551"}],"curies":[{"name":"wp","href":"https:\/\/api.w.org\/{rel}","templated":true}]}}